{"id":1382,"date":"2023-09-20T16:49:54","date_gmt":"2023-09-20T16:49:54","guid":{"rendered":"https:\/\/www.develop.grupofabrica.com\/propostas\/STRN\/?page_id=1382"},"modified":"2024-04-17T15:03:51","modified_gmt":"2024-04-17T15:03:51","slug":"o-strn-2","status":"publish","type":"page","link":"https:\/\/www.develop.grupofabrica.com\/propostas\/STRN\/o-strn-2\/","title":{"rendered":"O STRN"},"content":{"rendered":"\t\t<div data-elementor-type=\"wp-page\" data-elementor-id=\"1382\" class=\"elementor elementor-1382\">\n\t\t\t\t\t\t\t\t\t<section class=\"elementor-section elementor-top-section elementor-element elementor-element-343d3f9 elementor-section-boxed elementor-section-height-default elementor-section-height-default wpr-particle-no wpr-jarallax-no wpr-parallax-no wpr-sticky-section-no\" data-id=\"343d3f9\" data-element_type=\"section\">\n\t\t\t\t\t\t<div class=\"elementor-container elementor-column-gap-default\">\n\t\t\t\t\t<div class=\"elementor-column elementor-col-100 elementor-top-column elementor-element elementor-element-ec4132b\" data-id=\"ec4132b\" data-element_type=\"column\">\n\t\t\t<div class=\"elementor-widget-wrap elementor-element-populated\">\n\t\t\t\t\t\t\t\t<div class=\"elementor-element elementor-element-761b061 elementor-widget elementor-widget-spacer\" data-id=\"761b061\" data-element_type=\"widget\" data-widget_type=\"spacer.default\">\n\t\t\t\t<div class=\"elementor-widget-container\">\n\t\t\t<style>\/*! elementor - v3.17.0 - 01-11-2023 *\/\n.elementor-column .elementor-spacer-inner{height:var(--spacer-size)}.e-con{--container-widget-width:100%}.e-con-inner>.elementor-widget-spacer,.e-con>.elementor-widget-spacer{width:var(--container-widget-width,var(--spacer-size));--align-self:var(--container-widget-align-self,initial);--flex-shrink:0}.e-con-inner>.elementor-widget-spacer>.elementor-widget-container,.e-con>.elementor-widget-spacer>.elementor-widget-container{height:100%;width:100%}.e-con-inner>.elementor-widget-spacer>.elementor-widget-container>.elementor-spacer,.e-con>.elementor-widget-spacer>.elementor-widget-container>.elementor-spacer{height:100%}.e-con-inner>.elementor-widget-spacer>.elementor-widget-container>.elementor-spacer>.elementor-spacer-inner,.e-con>.elementor-widget-spacer>.elementor-widget-container>.elementor-spacer>.elementor-spacer-inner{height:var(--container-widget-height,var(--spacer-size))}.e-con-inner>.elementor-widget-spacer.elementor-widget-empty,.e-con>.elementor-widget-spacer.elementor-widget-empty{position:relative;min-height:22px;min-width:22px}.e-con-inner>.elementor-widget-spacer.elementor-widget-empty .elementor-widget-empty-icon,.e-con>.elementor-widget-spacer.elementor-widget-empty .elementor-widget-empty-icon{position:absolute;top:0;bottom:0;left:0;right:0;margin:auto;padding:0;width:22px;height:22px}<\/style>\t\t<div class=\"elementor-spacer\">\n\t\t\t<div class=\"elementor-spacer-inner\"><\/div>\n\t\t<\/div>\n\t\t\t\t<\/div>\n\t\t\t\t<\/div>\n\t\t\t\t\t<\/div>\n\t\t<\/div>\n\t\t\t\t\t\t\t<\/div>\n\t\t<\/section>\n\t\t\t\t<section class=\"elementor-section elementor-top-section elementor-element elementor-element-c98c7d7 elementor-section-boxed elementor-section-height-default elementor-section-height-default wpr-particle-no wpr-jarallax-no wpr-parallax-no wpr-sticky-section-no\" data-id=\"c98c7d7\" data-element_type=\"section\">\n\t\t\t\t\t\t<div class=\"elementor-container elementor-column-gap-default\">\n\t\t\t\t\t<div class=\"elementor-column elementor-col-100 elementor-top-column elementor-element elementor-element-761898f\" data-id=\"761898f\" data-element_type=\"column\">\n\t\t\t<div class=\"elementor-widget-wrap elementor-element-populated\">\n\t\t\t\t\t\t\t\t<div class=\"elementor-element elementor-element-c4aa7d2 elementor-widget elementor-widget-heading\" data-id=\"c4aa7d2\" data-element_type=\"widget\" data-widget_type=\"heading.default\">\n\t\t\t\t<div class=\"elementor-widget-container\">\n\t\t\t<style>\/*! elementor - v3.17.0 - 01-11-2023 *\/\n.elementor-heading-title{padding:0;margin:0;line-height:1}.elementor-widget-heading .elementor-heading-title[class*=elementor-size-]>a{color:inherit;font-size:inherit;line-height:inherit}.elementor-widget-heading .elementor-heading-title.elementor-size-small{font-size:15px}.elementor-widget-heading .elementor-heading-title.elementor-size-medium{font-size:19px}.elementor-widget-heading .elementor-heading-title.elementor-size-large{font-size:29px}.elementor-widget-heading .elementor-heading-title.elementor-size-xl{font-size:39px}.elementor-widget-heading .elementor-heading-title.elementor-size-xxl{font-size:59px}<\/style><h3 class=\"elementor-heading-title elementor-size-default\"><b>STRN - UM SINDICATO INDEPENDENTE DE DIMENS\u00c3O NACIONAL<\/b><\/h3>\t\t<\/div>\n\t\t\t\t<\/div>\n\t\t\t\t\t<\/div>\n\t\t<\/div>\n\t\t\t\t\t\t\t<\/div>\n\t\t<\/section>\n\t\t\t\t<section class=\"elementor-section elementor-top-section elementor-element elementor-element-a950a7c elementor-section-boxed elementor-section-height-default elementor-section-height-default wpr-particle-no wpr-jarallax-no wpr-parallax-no wpr-sticky-section-no\" data-id=\"a950a7c\" data-element_type=\"section\">\n\t\t\t\t\t\t<div class=\"elementor-container elementor-column-gap-default\">\n\t\t\t\t\t<div class=\"elementor-column elementor-col-100 elementor-top-column elementor-element elementor-element-c73db01\" data-id=\"c73db01\" data-element_type=\"column\">\n\t\t\t<div class=\"elementor-widget-wrap elementor-element-populated\">\n\t\t\t\t\t\t\t\t<div class=\"elementor-element elementor-element-1e089c3 elementor-widget__width-initial elementor-widget elementor-widget-text-editor\" data-id=\"1e089c3\" data-element_type=\"widget\" data-widget_type=\"text-editor.default\">\n\t\t\t\t<div class=\"elementor-widget-container\">\n\t\t\t<style>\/*! elementor - v3.17.0 - 01-11-2023 *\/\n.elementor-widget-text-editor.elementor-drop-cap-view-stacked .elementor-drop-cap{background-color:#69727d;color:#fff}.elementor-widget-text-editor.elementor-drop-cap-view-framed .elementor-drop-cap{color:#69727d;border:3px solid;background-color:transparent}.elementor-widget-text-editor:not(.elementor-drop-cap-view-default) .elementor-drop-cap{margin-top:8px}.elementor-widget-text-editor:not(.elementor-drop-cap-view-default) .elementor-drop-cap-letter{width:1em;height:1em}.elementor-widget-text-editor .elementor-drop-cap{float:left;text-align:center;line-height:1;font-size:50px}.elementor-widget-text-editor .elementor-drop-cap-letter{display:inline-block}<\/style>\t\t\t\t<p><strong>A MAIOR E MAIS REPRESENTATIVA ESTRUTURA SINDICAL DO SETOR DOS REGISTOS E DO NOTARIADO<\/strong><\/p>\t\t\t\t\t\t<\/div>\n\t\t\t\t<\/div>\n\t\t\t\t<div class=\"elementor-element elementor-element-cdb8cb4 elementor-widget elementor-widget-text-editor\" data-id=\"cdb8cb4\" data-element_type=\"widget\" data-widget_type=\"text-editor.default\">\n\t\t\t\t<div class=\"elementor-widget-container\">\n\t\t\t\t\t\t\t<p style=\"text-align: justify;\"><strong>O STRN, fundado em 1975 e prestes a completar 50 anos de exist\u00eancia, \u00e9 a maior e mais representativa estrutura sindical do setor dos registos e do notariado<\/strong> e abrange todos os trabalhadores do setor dos registos e do notariado que nele livre e voluntariamente se filiem e que, independentemente da natureza jur\u00eddica do respetivo v\u00ednculo, exer\u00e7am a sua atividade profissional no \u00e2mbito dos \u00f3rg\u00e3os da administra\u00e7\u00e3o p\u00fablica e demais entidades de direito p\u00fablico ou privado, e respetivas unidades org\u00e2nicas, a que estejam atribu\u00eddos os servi\u00e7os de registo e notariado, e ainda dos que, havendo-a exercido, se encontrem na situa\u00e7\u00e3o de aposentados.<\/p><p>O STRN \u00e9 uma organiza\u00e7\u00e3o sindical que abrange todo o territ\u00f3rio nacional e, atualmente, tem sede em Odivelas e instala\u00e7\u00f5es no Porto e em Lisboa e conta com uma estrutura descentralizada, composta por dire\u00e7\u00f5es de base distrital, no continente e dire\u00e7\u00f5es de base regional, nas regi\u00f5es aut\u00f3nomas, que executam as orienta\u00e7\u00f5es da Dire\u00e7\u00e3o Nacional, com vista \u00e0 prossecu\u00e7\u00e3o do objetivo de defender os interesses dos seus associados.<\/p><p style=\"text-align: left;\">O STRN orienta a sua a\u00e7\u00e3o na linha dos princ\u00edpios de autorregulamenta\u00e7\u00e3o, organiza\u00e7\u00e3o e gest\u00e3o democr\u00e1ticas e da solidariedade entre todos os associados, exercendo a sua atividade com total independ\u00eancia e autonomia relativamente a quaisquer entidades, nomeadamente ao Estado e aos seus respetivos organismos, \u00e0s confiss\u00f5es religiosas e aos partidos pol\u00edticos.<\/p>\t\t\t\t\t\t<\/div>\n\t\t\t\t<\/div>\n\t\t\t\t\t<\/div>\n\t\t<\/div>\n\t\t\t\t\t\t\t<\/div>\n\t\t<\/section>\n\t\t\t\t<section class=\"elementor-section elementor-top-section elementor-element elementor-element-73f92b6 elementor-section-boxed elementor-section-height-default elementor-section-height-default wpr-particle-no wpr-jarallax-no wpr-parallax-no wpr-sticky-section-no\" data-id=\"73f92b6\" data-element_type=\"section\">\n\t\t\t\t\t\t<div class=\"elementor-container elementor-column-gap-default\">\n\t\t\t\t\t<div class=\"elementor-column elementor-col-100 elementor-top-column elementor-element elementor-element-ac99412\" data-id=\"ac99412\" data-element_type=\"column\">\n\t\t\t<div class=\"elementor-widget-wrap elementor-element-populated\">\n\t\t\t\t\t\t\t\t<div class=\"elementor-element elementor-element-d11219d elementor-widget elementor-widget-spacer\" data-id=\"d11219d\" data-element_type=\"widget\" data-widget_type=\"spacer.default\">\n\t\t\t\t<div class=\"elementor-widget-container\">\n\t\t\t\t\t<div class=\"elementor-spacer\">\n\t\t\t<div class=\"elementor-spacer-inner\"><\/div>\n\t\t<\/div>\n\t\t\t\t<\/div>\n\t\t\t\t<\/div>\n\t\t\t\t\t<\/div>\n\t\t<\/div>\n\t\t\t\t\t\t\t<\/div>\n\t\t<\/section>\n\t\t\t\t\t\t\t<\/div>\n\t\t","protected":false},"excerpt":{"rendered":"<p>STRN &#8211; UM SINDICATO INDEPENDENTE DE DIMENS\u00c3O NACIONAL A MAIOR E MAIS REPRESENTATIVA ESTRUTURA SINDICAL DO SETOR DOS REGISTOS E DO NOTARIADO O STRN, fundado em 1975 e prestes a completar 50 anos de exist\u00eancia, \u00e9 a maior e mais representativa estrutura sindical do setor dos registos e do notariado e abrange todos os trabalhadores &hellip;<\/p>\n<p class=\"read-more\"> <a class=\"\" href=\"https:\/\/www.develop.grupofabrica.com\/propostas\/STRN\/o-strn-2\/\"> <span class=\"screen-reader-text\">O STRN<\/span> Read More &raquo;<\/a><\/p>\n","protected":false},"author":1,"featured_media":0,"parent":0,"menu_order":0,"comment_status":"closed","ping_status":"closed","template":"","meta":{"_uag_custom_page_level_css":"","site-sidebar-layout":"no-sidebar","site-content-layout":"page-builder","ast-site-content-layout":"full-width-container","site-content-style":"default","site-sidebar-style":"default","ast-global-header-display":"","ast-banner-title-visibility":"","ast-main-header-display":"","ast-hfb-above-header-display":"","ast-hfb-below-header-display":"","ast-hfb-mobile-header-display":"","site-post-title":"disabled","ast-breadcrumbs-content":"","ast-featured-img":"disabled","footer-sml-layout":"","theme-transparent-header-meta":"","adv-header-id-meta":"","stick-header-meta":"","header-above-stick-meta":"","header-main-stick-meta":"","header-below-stick-meta":"","astra-migrate-meta-layouts":"set","footnotes":""},"class_list":["post-1382","page","type-page","status-publish","hentry"],"jetpack_sharing_enabled":true,"uagb_featured_image_src":{"full":false,"thumbnail":false,"medium":false,"medium_large":false,"large":false,"1536x1536":false,"2048x2048":false,"foyer":false,"foyer_fhd":false,"foyer_fhd_square":false},"uagb_author_info":{"display_name":"grupofabrica_strn","author_link":"https:\/\/www.develop.grupofabrica.com\/propostas\/STRN\/author\/grupofabrica_strn\/"},"uagb_comment_info":0,"uagb_excerpt":"STRN &#8211; UM SINDICATO INDEPENDENTE DE DIMENS\u00c3O NACIONAL A MAIOR E MAIS REPRESENTATIVA ESTRUTURA SINDICAL DO SETOR DOS REGISTOS E DO NOTARIADO O STRN, fundado em 1975 e prestes a completar 50 anos de exist\u00eancia, \u00e9 a maior e mais representativa estrutura sindical do setor dos registos e do notariado e abrange todos os trabalhadores&hellip;","_links":{"self":[{"href":"https:\/\/www.develop.grupofabrica.com\/propostas\/STRN\/wp-json\/wp\/v2\/pages\/1382","targetHints":{"allow":["GET"]}}],"collection":[{"href":"https:\/\/www.develop.grupofabrica.com\/propostas\/STRN\/wp-json\/wp\/v2\/pages"}],"about":[{"href":"https:\/\/www.develop.grupofabrica.com\/propostas\/STRN\/wp-json\/wp\/v2\/types\/page"}],"author":[{"embeddable":true,"href":"https:\/\/www.develop.grupofabrica.com\/propostas\/STRN\/wp-json\/wp\/v2\/users\/1"}],"replies":[{"embeddable":true,"href":"https:\/\/www.develop.grupofabrica.com\/propostas\/STRN\/wp-json\/wp\/v2\/comments?post=1382"}],"version-history":[{"count":88,"href":"https:\/\/www.develop.grupofabrica.com\/propostas\/STRN\/wp-json\/wp\/v2\/pages\/1382\/revisions"}],"predecessor-version":[{"id":6048,"href":"https:\/\/www.develop.grupofabrica.com\/propostas\/STRN\/wp-json\/wp\/v2\/pages\/1382\/revisions\/6048"}],"wp:attachment":[{"href":"https:\/\/www.develop.grupofabrica.com\/propostas\/STRN\/wp-json\/wp\/v2\/media?parent=1382"}],"curies":[{"name":"wp","href":"https:\/\/api.w.org\/{rel}","templated":true}]}}